{"id":1110,"date":"2021-06-14T11:21:17","date_gmt":"2021-06-14T09:21:17","guid":{"rendered":"http:\/\/gckchwalowice.pl\/?page_id=1110"},"modified":"2021-06-14T11:32:30","modified_gmt":"2021-06-14T09:32:30","slug":"lokalni-artysci-i-rekodzielnicy","status":"publish","type":"page","link":"https:\/\/gckchwalowice.pl\/?page_id=1110","title":{"rendered":"Lokalni arty\u015bci i r\u0119kodzielnicy"},"content":{"rendered":"\n<p>Nasza gmina obfituje w wyj\u0105tkowe osoby mniej lub bardziej znane ale za to ogromnie utalentowane. W tym miejscu pragniemy je przedstawi\u0107, zaprezentowa\u0107 tw\u00f3rczo\u015b\u0107, hobby. Zakres dzia\u0142alno\u015bci r\u0119kodzielniczej jest na prawd\u0119 szeroki i czasami zaskakuj\u0105cy dlatego warto wyci\u0105gn\u0105\u0107 te prace z szuflady i pokaza\u0107 \u015bwiatu. <\/p>\n\n\n\n<figure class=\"wp-block-image size-large\"><img loading=\"lazy\" decoding=\"async\" width=\"1024\" height=\"515\" src=\"http:\/\/gckchwalowice.pl\/wp-content\/uploads\/2021\/06\/R67454968ae549713ece5654e20bf749a-1024x515.png\" alt=\"\" class=\"wp-image-1115\" srcset=\"https:\/\/gckchwalowice.pl\/wp-content\/uploads\/2021\/06\/R67454968ae549713ece5654e20bf749a-1024x515.png 1024w, https:\/\/gckchwalowice.pl\/wp-content\/uploads\/2021\/06\/R67454968ae549713ece5654e20bf749a-300x151.png 300w, https:\/\/gckchwalowice.pl\/wp-content\/uploads\/2021\/06\/R67454968ae549713ece5654e20bf749a-768x386.png 768w, https:\/\/gckchwalowice.pl\/wp-content\/uploads\/2021\/06\/R67454968ae549713ece5654e20bf749a-1140x574.png 1140w, https:\/\/gckchwalowice.pl\/wp-content\/uploads\/2021\/06\/R67454968ae549713ece5654e20bf749a.png 1461w\" sizes=\"auto, (max-width: 1024px) 100vw, 1024px\" \/><\/figure>\n","protected":false},"excerpt":{"rendered":"<p>Nasza gmina obfituje w wyj\u0105tkowe osoby mniej lub bardziej znane ale za to ogromnie utalentowane. W tym miejscu pragniemy je przedstawi\u0107, zaprezentowa\u0107 tw\u00f3rczo\u015b\u0107, hobby. Zakres dzia\u0142alno\u015bci r\u0119kodzielniczej jest na prawd\u0119 szeroki i czasami zaskakuj\u0105cy dlatego warto wyci\u0105gn\u0105\u0107 te prace z szuflady i pokaza\u0107 \u015bwiatu.<\/p>\n","protected":false},"author":1,"featured_media":0,"parent":0,"menu_order":0,"comment_status":"closed","ping_status":"closed","template":"","meta":{"footnotes":""},"class_list":["post-1110","page","type-page","status-publish","hentry"],"_links":{"self":[{"href":"https:\/\/gckchwalowice.pl\/index.php?rest_route=\/wp\/v2\/pages\/1110","targetHints":{"allow":["GET"]}}],"collection":[{"href":"https:\/\/gckchwalowice.pl\/index.php?rest_route=\/wp\/v2\/pages"}],"about":[{"href":"https:\/\/gckchwalowice.pl\/index.php?rest_route=\/wp\/v2\/types\/page"}],"author":[{"embeddable":true,"href":"https:\/\/gckchwalowice.pl\/index.php?rest_route=\/wp\/v2\/users\/1"}],"replies":[{"embeddable":true,"href":"https:\/\/gckchwalowice.pl\/index.php?rest_route=%2Fwp%2Fv2%2Fcomments&post=1110"}],"version-history":[{"count":4,"href":"https:\/\/gckchwalowice.pl\/index.php?rest_route=\/wp\/v2\/pages\/1110\/revisions"}],"predecessor-version":[{"id":1116,"href":"https:\/\/gckchwalowice.pl\/index.php?rest_route=\/wp\/v2\/pages\/1110\/revisions\/1116"}],"wp:attachment":[{"href":"https:\/\/gckchwalowice.pl\/index.php?rest_route=%2Fwp%2Fv2%2Fmedia&parent=1110"}],"curies":[{"name":"wp","href":"https:\/\/api.w.org\/{rel}","templated":true}]}}