{"id":942,"date":"2021-06-02T08:30:06","date_gmt":"2021-06-02T06:30:06","guid":{"rendered":"http:\/\/gckchwalowice.pl\/?page_id=942"},"modified":"2024-03-05T10:41:03","modified_gmt":"2024-03-05T09:41:03","slug":"kontakt","status":"publish","type":"page","link":"https:\/\/gckchwalowice.pl\/?page_id=942","title":{"rendered":"Kontakt"},"content":{"rendered":"\n<h2 class=\"wp-block-heading has-text-align-center\">Gminne Centrum Kultury w Radomy\u015blu nad Sanem z siedzib\u0105 w Chwa\u0142owicach<\/h2>\n\n\n\n<p>Adres: <\/p>\n\n\n\n<p>Chwa\u0142owice 132<\/p>\n\n\n\n<p>37-455 Radomy\u015bl nad Sanem<\/p>\n\n\n\n<p>602 663 936<\/p>\n\n\n\n<p>NIP: 865-22-19-088<\/p>\n\n\n\n<p>mail: kultura@gckchwalowice.pl<\/p>\n\n\n\n<p>kana\u0142 YouTube: <a href=\"https:\/\/www.youtube.com\/channel\/UC4TCECGEoYJz5aIadAe4YXQ\/videos\">GCK w Radomy\u015blu nad Sanem z siedzib\u0105 w Chwa\u0142owicach &#8211; YouTube<\/a><\/p>\n\n\n\n<p>Facebook: <a href=\"https:\/\/www.facebook.com\/profile.php?id=100071532033276\">Gminne Centrum Kultury w Radomy\u015blu nad Sanem z siedzib\u0105 w Chwa\u0142owicach| Facebook<\/a><\/p>\n\n\n\n<p><\/p>\n\n\n\n<figure class=\"wp-block-image size-large is-resized\"><img loading=\"lazy\" decoding=\"async\" width=\"1703\" height=\"1204\" src=\"http:\/\/gckchwalowice.pl\/wp-content\/uploads\/2021\/06\/Publikacja14-edited.jpg\" alt=\"\" class=\"wp-image-949\" style=\"width:1114px;height:auto\" srcset=\"https:\/\/gckchwalowice.pl\/wp-content\/uploads\/2021\/06\/Publikacja14-edited.jpg 1703w, https:\/\/gckchwalowice.pl\/wp-content\/uploads\/2021\/06\/Publikacja14-edited-300x212.jpg 300w, https:\/\/gckchwalowice.pl\/wp-content\/uploads\/2021\/06\/Publikacja14-edited-1024x724.jpg 1024w, https:\/\/gckchwalowice.pl\/wp-content\/uploads\/2021\/06\/Publikacja14-edited-768x543.jpg 768w, https:\/\/gckchwalowice.pl\/wp-content\/uploads\/2021\/06\/Publikacja14-edited-1536x1086.jpg 1536w, https:\/\/gckchwalowice.pl\/wp-content\/uploads\/2021\/06\/Publikacja14-edited-1140x806.jpg 1140w\" sizes=\"auto, (max-width: 1703px) 100vw, 1703px\" \/><\/figure>\n","protected":false},"excerpt":{"rendered":"<p>Gminne Centrum Kultury w Radomy\u015blu nad Sanem z siedzib\u0105 w Chwa\u0142owicach Adres: Chwa\u0142owice 132 37-455 Radomy\u015bl nad Sanem 602 663 936 NIP: 865-22-19-088 mail: kultura@gckchwalowice.pl kana\u0142 YouTube: GCK w Radomy\u015blu nad Sanem z siedzib\u0105 w Chwa\u0142owicach &#8211; YouTube Facebook: Gminne Centrum Kultury w Radomy\u015blu nad Sanem z siedzib\u0105 w Chwa\u0142owicach| Facebook<\/p>\n","protected":false},"author":1,"featured_media":0,"parent":0,"menu_order":0,"comment_status":"closed","ping_status":"closed","template":"","meta":{"footnotes":""},"class_list":["post-942","page","type-page","status-publish","hentry"],"_links":{"self":[{"href":"https:\/\/gckchwalowice.pl\/index.php?rest_route=\/wp\/v2\/pages\/942","targetHints":{"allow":["GET"]}}],"collection":[{"href":"https:\/\/gckchwalowice.pl\/index.php?rest_route=\/wp\/v2\/pages"}],"about":[{"href":"https:\/\/gckchwalowice.pl\/index.php?rest_route=\/wp\/v2\/types\/page"}],"author":[{"embeddable":true,"href":"https:\/\/gckchwalowice.pl\/index.php?rest_route=\/wp\/v2\/users\/1"}],"replies":[{"embeddable":true,"href":"https:\/\/gckchwalowice.pl\/index.php?rest_route=%2Fwp%2Fv2%2Fcomments&post=942"}],"version-history":[{"count":6,"href":"https:\/\/gckchwalowice.pl\/index.php?rest_route=\/wp\/v2\/pages\/942\/revisions"}],"predecessor-version":[{"id":8482,"href":"https:\/\/gckchwalowice.pl\/index.php?rest_route=\/wp\/v2\/pages\/942\/revisions\/8482"}],"wp:attachment":[{"href":"https:\/\/gckchwalowice.pl\/index.php?rest_route=%2Fwp%2Fv2%2Fmedia&parent=942"}],"curies":[{"name":"wp","href":"https:\/\/api.w.org\/{rel}","templated":true}]}}